{"id":2,"date":"2026-05-15T17:43:02","date_gmt":"2026-05-15T15:43:02","guid":{"rendered":"https:\/\/linksmx.com\/erickaforesrendimientoconciencia\/?page_id=2"},"modified":"2026-05-15T12:18:51","modified_gmt":"2026-05-15T18:18:51","slug":"pagina-ejemplo","status":"publish","type":"page","link":"https:\/\/linksmx.com\/erickaforesrendimientoconciencia\/","title":{"rendered":"Inicio"},"content":{"rendered":"<section class=\"bde-section-2-100 bde-section\">\n  \n  \n\t\n\n\n\n<div class=\"section-container\"><div class=\"bde-div-2-101 bde-div\" data-entrance=\"slideDown\">\n  \n  \n\t\n\n\n\n<img decoding=\"async\" class=\"bde-image2-2-102 bde-image2\" src=\"https:\/\/linksmx.com\/rendimientoconciencia\/wp-content\/uploads\/sites\/9\/2026\/05\/Recurso-10.png\" loading=\"lazy\" srcset=\"https:\/\/linksmx.com\/rendimientoconciencia\/wp-content\/uploads\/sites\/9\/2026\/05\/Recurso-10.png 2402w, https:\/\/linksmx.com\/rendimientoconciencia\/wp-content\/uploads\/sites\/9\/2026\/05\/Recurso-10-300x202.png 300w, https:\/\/linksmx.com\/rendimientoconciencia\/wp-content\/uploads\/sites\/9\/2026\/05\/Recurso-10-1024x691.png 1024w, https:\/\/linksmx.com\/rendimientoconciencia\/wp-content\/uploads\/sites\/9\/2026\/05\/Recurso-10-768x518.png 768w, https:\/\/linksmx.com\/rendimientoconciencia\/wp-content\/uploads\/sites\/9\/2026\/05\/Recurso-10-1536x1036.png 1536w, https:\/\/linksmx.com\/rendimientoconciencia\/wp-content\/uploads\/sites\/9\/2026\/05\/Recurso-10-2048x1381.png 2048w\" sizes=\"(max-width: 2402px) 100vw, 2402px\" data-entrance=\"zoomOut\">\n<\/div><div class=\"bde-div-2-103 bde-div\">\n  \n  \n\t\n\n\n\n<div class=\"bde-div-2-104 bde-div\">\n  \n  \n\t\n\n\n\n<div class=\"bde-div-2-105 bde-div\">\n  \n  \n\t\n\n\n\n<div class=\"bde-text-2-106 bde-text\" data-entrance=\"slideUp\">\nUn espacio creado para conectar la ciencia con el rendimiento humano a trav\u00e9s de contenido basado en evidencia.<br><br>De la mano de Majo G\u00f3mez y la Dra. Ericka Flores Berrios, fundadora de Desarrollos Valmex, este proyecto busca acercar informaci\u00f3n cient\u00edfica, nutricional y de suplementaci\u00f3n de una manera clara, actual y funcional.<br><br>A trav\u00e9s de conversaciones, an\u00e1lisis y contenido especializado, comparte herramientas y conocimientos enfocados en optimizar el rendimiento f\u00edsico, la salud y el bienestar integral, respaldados por ciencia y experiencia profesional.<br><br>\n<\/div><div class=\"bde-grid-2-107 bde-grid\">\n  \n  \n\t\n\n\n\n<a class=\"bde-container-link-2-108 bde-container-link breakdance-link\" href=\"https:\/\/open.spotify.com\/show\/7zn5zJiMaq2sx972xMLu38?si=5e646d65f8564502\" target=\"_blank\" data-type=\"url\" data-entrance=\"flipUp\">\n  \n  \n\t\n\n\n\n<img decoding=\"async\" class=\"bde-image2-2-109 bde-image2\" src=\"https:\/\/linksmx.com\/chaton\/wp-content\/uploads\/sites\/8\/2026\/05\/LinksMX-ChatOn_Podcast_Plataformas_Spotify.png\" loading=\"lazy\" sizes=\"(max-width: 300px) 100vw, 300px\">\n\n<\/a><a class=\"bde-container-link-2-110 bde-container-link breakdance-link\" href=\"https:\/\/www.youtube.com\/@RendimientoCon-Ciencia\" target=\"_blank\" data-type=\"url\" data-entrance=\"flipUp\">\n  \n  \n\t\n\n\n\n<img decoding=\"async\" class=\"bde-image2-2-111 bde-image2\" src=\"https:\/\/linksmx.com\/chaton\/wp-content\/uploads\/sites\/8\/2026\/05\/LinksMX-ChatOn_Podcast_Plataformas_Youtube.png\" loading=\"lazy\" sizes=\"(max-width: 300px) 100vw, 300px\">\n\n<\/a><a class=\"bde-container-link-2-112 bde-container-link breakdance-link\" href=\"https:\/\/podcasts.apple.com\/us\/podcast\/chaton-el-podcast\/id1819998182\" target=\"_blank\" data-type=\"url\" data-entrance=\"flipUp\">\n  \n  \n\t\n\n\n\n<img decoding=\"async\" class=\"bde-image2-2-113 bde-image2\" src=\"https:\/\/linksmx.com\/chaton\/wp-content\/uploads\/sites\/8\/2026\/05\/LinksMX-ChatOn_Podcast_Plataformas_Apple-Podcasts.png\" loading=\"lazy\" sizes=\"(max-width: 300px) 100vw, 300px\">\n\n<\/a>\n<\/div><div class=\"bde-div-2-114 bde-div\">\n              \n  \n  \n\t\n\n\n\n<div class=\"bde-social-icons-2-115 bde-social-icons\" data-entrance=\"slideRight\">\n                  \n            \n            \n\n    \n    \n    \n    \n    \n    <a class=\"breakdance-link bde-social-icons__icon-wrapper bde-social-icons__icon-facebook\" href=\"https:\/\/www.facebook.com\/redimiento.conciencia\/\" target=\"_blank\" data-type=\"url\" aria-label=\"facebook\" >\n\n             <svg xmlns=\"http:\/\/www.w3.org\/2000\/svg\" width=\"100%\" viewBox=\"0 0 24 24\">\n            <path d=\"M9 8h-3v4h3v12h5v-12h3.642l.358-4h-4v-1.667c0-.955.192-1.333 1.115-1.333h2.885v-5h-3.808c-3.596 0-5.192 1.583-5.192 4.615v3.385z\"\/>\n       <\/svg>\n              <\/a>\n\n                    \n            \n            \n\n    \n    \n    \n    \n    \n    <a class=\"breakdance-link bde-social-icons__icon-wrapper bde-social-icons__icon-instagram\" href=\"https:\/\/www.instagram.com\/rendimiento.conciencia\/\" target=\"_blank\" data-type=\"url\" aria-label=\"instagram\" >\n\n             <svg xmlns=\"http:\/\/www.w3.org\/2000\/svg\" width=\"100%\" viewBox=\"0 0 24 24\">\n            <path d=\"M12 2.163c3.204 0 3.584.012 4.85.07 3.252.148 4.771 1.691 4.919 4.919.058 1.265.069 1.645.069 4.849 0 3.205-.012 3.584-.069 4.849-.149 3.225-1.664 4.771-4.919 4.919-1.266.058-1.644.07-4.85.07-3.204 0-3.584-.012-4.849-.07-3.26-.149-4.771-1.699-4.919-4.92-.058-1.265-.07-1.644-.07-4.849 0-3.204.013-3.583.07-4.849.149-3.227 1.664-4.771 4.919-4.919 1.266-.057 1.645-.069 4.849-.069zm0-2.163c-3.259 0-3.667.014-4.947.072-4.358.2-6.78 2.618-6.98 6.98-.059 1.281-.073 1.689-.073 4.948 0 3.259.014 3.668.072 4.948.2 4.358 2.618 6.78 6.98 6.98 1.281.058 1.689.072 4.948.072 3.259 0 3.668-.014 4.948-.072 4.354-.2 6.782-2.618 6.979-6.98.059-1.28.073-1.689.073-4.948 0-3.259-.014-3.667-.072-4.947-.196-4.354-2.617-6.78-6.979-6.98-1.281-.059-1.69-.073-4.949-.073zm0 5.838c-3.403 0-6.162 2.759-6.162 6.162s2.759 6.163 6.162 6.163 6.162-2.759 6.162-6.163c0-3.403-2.759-6.162-6.162-6.162zm0 10.162c-2.209 0-4-1.79-4-4 0-2.209 1.791-4 4-4s4 1.791 4 4c0 2.21-1.791 4-4 4zm6.406-11.845c-.796 0-1.441.645-1.441 1.44s.645 1.44 1.441 1.44c.795 0 1.439-.645 1.439-1.44s-.644-1.44-1.439-1.44z\"\/>\n       <\/svg>\n              <\/a>\n\n                    \n            \n            \n\n    \n    \n    \n    \n    \n    <a class=\"breakdance-link bde-social-icons__icon-wrapper bde-social-icons__icon-custom\" href=\"https:\/\/www.tiktok.com\/@rendimiento.conci\" target=\"_blank\" data-type=\"url\" aria-label=\"custom\" >\n\n                        <svg xmlns=\"http:\/\/www.w3.org\/2000\/svg\" viewBox=\"0 0 448 512\"><!--! Font Awesome Free 6.5.1 by @fontawesome - https:\/\/fontawesome.com License - https:\/\/fontawesome.com\/license\/free (Icons: CC BY 4.0, Fonts: SIL OFL 1.1, Code: MIT License) Copyright 2023 Fonticons, Inc. --><path d=\"M448,209.91a210.06,210.06,0,0,1-122.77-39.25V349.38A162.55,162.55,0,1,1,185,188.31V278.2a74.62,74.62,0,1,0,52.23,71.18V0l88,0a121.18,121.18,0,0,0,1.86,22.17h0A122.18,122.18,0,0,0,381,102.39a121.43,121.43,0,0,0,67,20.14Z\"\/><\/svg>\n                      <\/a>\n\n    \n<\/div>\n<\/div>\n<\/div><div class=\"bde-div-2-116 bde-div\" data-entrance=\"zoomOut\">\n  \n  \n\t\n\n\n\n<a class=\"bde-container-link-2-117 bde-container-link breakdance-link\" href=\"https:\/\/linksmx.com\/\" target=\"_self\" data-type=\"url\">\n  \n  \n\t\n\n\n\n<img decoding=\"async\" class=\"bde-image2-2-118 bde-image2\" src=\"https:\/\/linksmx.com\/pixsys-riebeling\/wp-content\/uploads\/sites\/3\/2026\/03\/LinksMX_Logotipo_Blanco.png\" loading=\"lazy\" sizes=\"(max-width: 300px) 100vw, 300px\">\n\n<\/a><div class=\"bde-text-2-119 bde-text\">\nDesarrollado por <a style=\"color: #fff; text-decoration:none;\" href=\"https:\/\/pixsys.mx\" target=\"blank_\">&nbsp;<img style=\"display: inline-block; vertical-align: middle;\"src=\"https:\/\/pixsys.mx\/img\/pixsys-icono.svg\" alt=\"Desarrollo de paginas web\" width=\"30\" \/>&nbsp; Pixsys<\/a><\/span> \n<\/div>\n<\/div>\n<\/div>\n<\/div><\/div>\n<\/section>","protected":false},"excerpt":{"rendered":"<p>Un espacio creado para conectar la ciencia con el rendimiento humano a trav\u00e9s de contenido basado en evidencia.De la mano de Majo G\u00f3mez y la Dra. Ericka Flores Berrios, fundadora de Desarrollos Valmex, este proyecto busca acercar informaci\u00f3n cient\u00edfica, nutricional y de suplementaci\u00f3n de una manera clara, actual y funcional.A trav\u00e9s de conversaciones, an\u00e1lisis y [&hellip;]<\/p>\n","protected":false},"author":1,"featured_media":0,"parent":0,"menu_order":0,"comment_status":"closed","ping_status":"open","template":"","meta":{"_breakdance_hide_in_design_set":false,"_breakdance_tags":"","_joinchat":[],"footnotes":""},"class_list":["post-2","page","type-page","status-publish","hentry"],"yoast_head":"<!-- This site is optimized with the Yoast SEO plugin v27.2 - https:\/\/yoast.com\/product\/yoast-seo-wordpress\/ -->\n<title>Inicio - Rendimiento Con-Ciencia \u00b7 Ericka Flores<\/title>\n<meta name=\"robots\" content=\"index, follow, max-snippet:-1, max-image-preview:large, max-video-preview:-1\" \/>\n<link rel=\"canonical\" href=\"https:\/\/linksmx.com\/erickaforesrendimientoconciencia\/\" \/>\n<meta property=\"og:locale\" content=\"es_ES\" \/>\n<meta property=\"og:type\" content=\"article\" \/>\n<meta property=\"og:title\" content=\"Inicio - Rendimiento Con-Ciencia \u00b7 Ericka Flores\" \/>\n<meta property=\"og:description\" content=\"Un espacio creado para conectar la ciencia con el rendimiento humano a trav\u00e9s de contenido basado en evidencia.De la mano de Majo G\u00f3mez y la Dra. Ericka Flores Berrios, fundadora de Desarrollos Valmex, este proyecto busca acercar informaci\u00f3n cient\u00edfica, nutricional y de suplementaci\u00f3n de una manera clara, actual y funcional.A trav\u00e9s de conversaciones, an\u00e1lisis y [&hellip;]\" \/>\n<meta property=\"og:url\" content=\"https:\/\/linksmx.com\/erickaforesrendimientoconciencia\/\" \/>\n<meta property=\"og:site_name\" content=\"Rendimiento Con-Ciencia \u00b7 Ericka Flores\" \/>\n<meta property=\"article:modified_time\" content=\"2026-05-15T18:18:51+00:00\" \/>\n<meta name=\"twitter:card\" content=\"summary_large_image\" \/>\n<script type=\"application\/ld+json\" class=\"yoast-schema-graph\">{\"@context\":\"https:\/\/schema.org\",\"@graph\":[{\"@type\":\"WebPage\",\"@id\":\"https:\/\/linksmx.com\/erickaforesrendimientoconciencia\/\",\"url\":\"https:\/\/linksmx.com\/erickaforesrendimientoconciencia\/\",\"name\":\"Inicio - Rendimiento Con-Ciencia \u00b7 Ericka Flores\",\"isPartOf\":{\"@id\":\"https:\/\/linksmx.com\/erickaforesrendimientoconciencia\/#website\"},\"datePublished\":\"2026-05-15T15:43:02+00:00\",\"dateModified\":\"2026-05-15T18:18:51+00:00\",\"breadcrumb\":{\"@id\":\"https:\/\/linksmx.com\/erickaforesrendimientoconciencia\/#breadcrumb\"},\"inLanguage\":\"es\",\"potentialAction\":[{\"@type\":\"ReadAction\",\"target\":[\"https:\/\/linksmx.com\/erickaforesrendimientoconciencia\/\"]}]},{\"@type\":\"BreadcrumbList\",\"@id\":\"https:\/\/linksmx.com\/erickaforesrendimientoconciencia\/#breadcrumb\",\"itemListElement\":[{\"@type\":\"ListItem\",\"position\":1,\"name\":\"Portada\",\"item\":\"https:\/\/linksmx.com\/erickaforesrendimientoconciencia\/\"},{\"@type\":\"ListItem\",\"position\":2,\"name\":\"Inicio\"}]},{\"@type\":\"WebSite\",\"@id\":\"https:\/\/linksmx.com\/erickaforesrendimientoconciencia\/#website\",\"url\":\"https:\/\/linksmx.com\/erickaforesrendimientoconciencia\/\",\"name\":\"Rendimiento Con-Ciencia \u00b7 Ericka Flores\",\"description\":\"Nutrici\u00f3n, psicolog\u00eda y rendimiento en un solo lugar. El podcast donde la ciencia se vuelve acci\u00f3n real.\",\"potentialAction\":[{\"@type\":\"SearchAction\",\"target\":{\"@type\":\"EntryPoint\",\"urlTemplate\":\"https:\/\/linksmx.com\/erickaforesrendimientoconciencia\/?s={search_term_string}\"},\"query-input\":{\"@type\":\"PropertyValueSpecification\",\"valueRequired\":true,\"valueName\":\"search_term_string\"}}],\"inLanguage\":\"es\"}]}<\/script>\n<!-- \/ Yoast SEO plugin. -->","yoast_head_json":{"title":"Inicio - Rendimiento Con-Ciencia \u00b7 Ericka Flores","robots":{"index":"index","follow":"follow","max-snippet":"max-snippet:-1","max-image-preview":"max-image-preview:large","max-video-preview":"max-video-preview:-1"},"canonical":"https:\/\/linksmx.com\/erickaforesrendimientoconciencia\/","og_locale":"es_ES","og_type":"article","og_title":"Inicio - Rendimiento Con-Ciencia \u00b7 Ericka Flores","og_description":"Un espacio creado para conectar la ciencia con el rendimiento humano a trav\u00e9s de contenido basado en evidencia.De la mano de Majo G\u00f3mez y la Dra. Ericka Flores Berrios, fundadora de Desarrollos Valmex, este proyecto busca acercar informaci\u00f3n cient\u00edfica, nutricional y de suplementaci\u00f3n de una manera clara, actual y funcional.A trav\u00e9s de conversaciones, an\u00e1lisis y [&hellip;]","og_url":"https:\/\/linksmx.com\/erickaforesrendimientoconciencia\/","og_site_name":"Rendimiento Con-Ciencia \u00b7 Ericka Flores","article_modified_time":"2026-05-15T18:18:51+00:00","twitter_card":"summary_large_image","schema":{"@context":"https:\/\/schema.org","@graph":[{"@type":"WebPage","@id":"https:\/\/linksmx.com\/erickaforesrendimientoconciencia\/","url":"https:\/\/linksmx.com\/erickaforesrendimientoconciencia\/","name":"Inicio - Rendimiento Con-Ciencia \u00b7 Ericka Flores","isPartOf":{"@id":"https:\/\/linksmx.com\/erickaforesrendimientoconciencia\/#website"},"datePublished":"2026-05-15T15:43:02+00:00","dateModified":"2026-05-15T18:18:51+00:00","breadcrumb":{"@id":"https:\/\/linksmx.com\/erickaforesrendimientoconciencia\/#breadcrumb"},"inLanguage":"es","potentialAction":[{"@type":"ReadAction","target":["https:\/\/linksmx.com\/erickaforesrendimientoconciencia\/"]}]},{"@type":"BreadcrumbList","@id":"https:\/\/linksmx.com\/erickaforesrendimientoconciencia\/#breadcrumb","itemListElement":[{"@type":"ListItem","position":1,"name":"Portada","item":"https:\/\/linksmx.com\/erickaforesrendimientoconciencia\/"},{"@type":"ListItem","position":2,"name":"Inicio"}]},{"@type":"WebSite","@id":"https:\/\/linksmx.com\/erickaforesrendimientoconciencia\/#website","url":"https:\/\/linksmx.com\/erickaforesrendimientoconciencia\/","name":"Rendimiento Con-Ciencia \u00b7 Ericka Flores","description":"Nutrici\u00f3n, psicolog\u00eda y rendimiento en un solo lugar. El podcast donde la ciencia se vuelve acci\u00f3n real.","potentialAction":[{"@type":"SearchAction","target":{"@type":"EntryPoint","urlTemplate":"https:\/\/linksmx.com\/erickaforesrendimientoconciencia\/?s={search_term_string}"},"query-input":{"@type":"PropertyValueSpecification","valueRequired":true,"valueName":"search_term_string"}}],"inLanguage":"es"}]}},"_links":{"self":[{"href":"https:\/\/linksmx.com\/erickaforesrendimientoconciencia\/wp-json\/wp\/v2\/pages\/2","targetHints":{"allow":["GET"]}}],"collection":[{"href":"https:\/\/linksmx.com\/erickaforesrendimientoconciencia\/wp-json\/wp\/v2\/pages"}],"about":[{"href":"https:\/\/linksmx.com\/erickaforesrendimientoconciencia\/wp-json\/wp\/v2\/types\/page"}],"author":[{"embeddable":true,"href":"https:\/\/linksmx.com\/erickaforesrendimientoconciencia\/wp-json\/wp\/v2\/users\/1"}],"replies":[{"embeddable":true,"href":"https:\/\/linksmx.com\/erickaforesrendimientoconciencia\/wp-json\/wp\/v2\/comments?post=2"}],"version-history":[{"count":5,"href":"https:\/\/linksmx.com\/erickaforesrendimientoconciencia\/wp-json\/wp\/v2\/pages\/2\/revisions"}],"predecessor-version":[{"id":16,"href":"https:\/\/linksmx.com\/erickaforesrendimientoconciencia\/wp-json\/wp\/v2\/pages\/2\/revisions\/16"}],"wp:attachment":[{"href":"https:\/\/linksmx.com\/erickaforesrendimientoconciencia\/wp-json\/wp\/v2\/media?parent=2"}],"curies":[{"name":"wp","href":"https:\/\/api.w.org\/{rel}","templated":true}]}}